{"id":2910,"date":"2024-10-08T23:54:41","date_gmt":"2024-10-08T23:54:41","guid":{"rendered":"https:\/\/darvidayoga.cl\/inicio\/?page_id=2910"},"modified":"2024-10-09T00:43:57","modified_gmt":"2024-10-09T00:43:57","slug":"logros","status":"publish","type":"page","link":"https:\/\/darvidayoga.cl\/inicio\/logros\/","title":{"rendered":"Logros"},"content":{"rendered":"\t\t<div data-elementor-type=\"wp-page\" data-elementor-id=\"2910\" class=\"elementor elementor-2910\">\n\t\t\t\t<div class=\"elementor-element elementor-element-58eae4a e-con-full e-flex e-con e-parent\" data-id=\"58eae4a\" data-element_type=\"container\" data-core-v316-plus=\"true\">\n\t\t\t\t<div class=\"elementor-element elementor-element-463a017 elementor-widget elementor-widget-text-editor\" data-id=\"463a017\" data-element_type=\"widget\" data-widget_type=\"text-editor.default\">\n\t\t\t\t<div class=\"elementor-widget-container\">\n\t\t\t<style>\/*! elementor - v3.20.0 - 10-04-2024 *\/\n.elementor-widget-text-editor.elementor-drop-cap-view-stacked .elementor-drop-cap{background-color:#69727d;color:#fff}.elementor-widget-text-editor.elementor-drop-cap-view-framed .elementor-drop-cap{color:#69727d;border:3px solid;background-color:transparent}.elementor-widget-text-editor:not(.elementor-drop-cap-view-default) .elementor-drop-cap{margin-top:8px}.elementor-widget-text-editor:not(.elementor-drop-cap-view-default) .elementor-drop-cap-letter{width:1em;height:1em}.elementor-widget-text-editor .elementor-drop-cap{float:left;text-align:center;line-height:1;font-size:50px}.elementor-widget-text-editor .elementor-drop-cap-letter{display:inline-block}<\/style>\t\t\t\t<h6 style=\"text-align: justify;\">En estos 4 a\u00f1os de vida, DARVIDA YOGA ha logrado desarrollar un estilo particular y \u00fanico que van formando sus propios alumnos siendo sin duda los verdaderos Maestros que entregan VIDA a este proyecto de crecimiento personal.<span style=\"text-align: var(--text-align);\">\u00a0 \u00a0 \u00a0 \u00a0 \u00a0 \u00a0\u00a0<\/span><\/h6><h6 style=\"text-align: justify;\">DARVIDA nace con el desaf\u00edo de entregar Yoga en pandemia buscando formas de comunicar los beneficios del yoga en distintas \u00e1reas de manera online:<\/h6><h6 style=\"text-align: justify;\"><span style=\"background-color: #ffffff; color: #4d5156; font-family: 'Helvetica Neue', sans-serif; font-weight: var( --e-global-typography-text-font-weight ); text-align: var(--text-align); font-size: 14px;\">\u2022<\/span>\u00a0Principiantes que deseosos de calma se atreven a seguir instrucciones por la frialdad de una pantalla que poco a poco se vuelve amistosa y crea un momento de alivio.<\/h6><h6 style=\"text-align: justify;\">\u2022<span style=\"text-align: var(--text-align);\">\u00a0Llegamos a jardines infantiles como, Jard\u00edn Tenvil\u00fa y Jard\u00edn Blanca Nieves.<\/span><\/h6><h6 style=\"text-align: justify;\"><span style=\"background-color: #ffffff; color: #4d5156; font-family: 'Helvetica Neue', sans-serif; font-weight: var( --e-global-typography-text-font-weight ); text-align: var(--text-align); font-size: 14px;\">\u2022<\/span>\u00a0Creamos Tips de DARVIDA YOGA siempre por nuestras redes sociales, creamos un espacio que entregaba informaci\u00f3n y ayuda desde el yoga para poder combatir la pandemia y todos las consecuencia que ella iba dej\u00e1ndonos.<\/h6><h6 style=\"text-align: justify;\"><span style=\"background-color: #ffffff; color: #4d5156; font-family: 'Helvetica Neue', sans-serif; font-weight: var( --e-global-typography-text-font-weight ); text-align: var(--text-align); font-size: 14px;\">\u2022<\/span>\u00a0Poco a Poco fuimos creciendo en alumnos ampliando nuestras alternativas de clases a los adultos mayores y personas con dificultades emocionales o f\u00edsicas.<\/h6><h6 style=\"text-align: justify;\">Logramos establecer alternativas de clases para todos, yoga para todos, sin limitarnos en capacidades personales y menos en limitaciones ya que el yoga ofrece m\u00e1s de lo que imaginamos, as\u00ed identificamos una pluralidad donde los alumnos y alumnas de DARVIDA YOGA crecen y se desarrollan en todo sentido. Participamos en actividades con otras entidades como :<\/h6><h6 style=\"text-align: justify;\"><span style=\"background-color: #ffffff; color: #4d5156; font-family: 'Helvetica Neue', sans-serif; font-weight: var( --e-global-typography-text-font-weight ); text-align: var(--text-align); font-size: 14px;\">\u2022<\/span>\u00a0Academia de Yoga Ayur<\/h6><h6 style=\"text-align: justify;\">\u2022<span style=\"text-align: var(--text-align);\">\u00a0Municipalidad de \u00d1u\u00f1oa en el Departamento de Inclusi\u00f3n<\/span><\/h6><h6 style=\"text-align: justify;\"><span style=\"background-color: #ffffff; color: #4d5156; font-family: 'Helvetica Neue', sans-serif; font-weight: var( --e-global-typography-text-font-weight ); text-align: var(--text-align); font-size: 14px;\">\u2022<\/span>\u00a0Ferias de \u00d1u\u00f1oa y sus agrupaciones como : Mercadito emprendedores \u00d1u\u00f1oa y Feria de Plaza Ega\u00f1a.<\/h6><h6 style=\"text-align: justify;\">\u2022<span style=\"text-align: var(--text-align);\">\u00a0Home Fits<\/span><\/h6><h6 style=\"text-align: justify;\">\u2022<span style=\"text-align: var(--text-align);\">\u00a0Experiencia de Creadoras.<\/span><\/h6><h6 style=\"text-align: justify;\">Desde el a\u00f1o 2023 somos parte de los talleres que el Departamento de Inclusi\u00f3n de la Municipalidad de \u00d1u\u00f1oa entrega a la comunidad, formado parte de este hermoso desaf\u00edo que significa llegar con el yoga a personas con discapacidad y a sus cuidadores.<\/h6><h6 style=\"text-align: justify;\">Hoy nos especializamos en la Terapia que el yoga puede entregar a las personas, de manera que Yoga en silla se vuelve una Terapia en que la recuperaci\u00f3n de los alumnos que asisten a sus clases, logran una mejor calidad de vida.<\/h6><h6 style=\"text-align: justify;\">Tambi\u00e9n Yoga Integral da acceso a alumnos principiantes y que buscan desarrollar un acercamiento a la disciplina del yoga sin frustraciones y creciendo en sus propias habilidades de crecimiento personal y fluidez.<\/h6>\t\t\t\t\t\t<\/div>\n\t\t\t\t<\/div>\n\t\t\t\t<\/div>\n\t\t\t\t<\/div>\n\t\t","protected":false},"excerpt":{"rendered":"<p>En estos 4 a\u00f1os de vida, DARVIDA YOGA ha logrado desarrollar un estilo particular y \u00fanico que van formando sus propios alumnos siendo sin duda los verdaderos Maestros que entregan VIDA a este proyecto de crecimiento personal.\u00a0 \u00a0 \u00a0 \u00a0&#8230;<\/p>\n","protected":false},"author":1,"featured_media":0,"parent":0,"menu_order":0,"comment_status":"closed","ping_status":"closed","template":"","meta":{"footnotes":""},"class_list":["post-2910","page","type-page","status-publish","hentry"],"_links":{"self":[{"href":"https:\/\/darvidayoga.cl\/inicio\/wp-json\/wp\/v2\/pages\/2910","targetHints":{"allow":["GET"]}}],"collection":[{"href":"https:\/\/darvidayoga.cl\/inicio\/wp-json\/wp\/v2\/pages"}],"about":[{"href":"https:\/\/darvidayoga.cl\/inicio\/wp-json\/wp\/v2\/types\/page"}],"author":[{"embeddable":true,"href":"https:\/\/darvidayoga.cl\/inicio\/wp-json\/wp\/v2\/users\/1"}],"replies":[{"embeddable":true,"href":"https:\/\/darvidayoga.cl\/inicio\/wp-json\/wp\/v2\/comments?post=2910"}],"version-history":[{"count":10,"href":"https:\/\/darvidayoga.cl\/inicio\/wp-json\/wp\/v2\/pages\/2910\/revisions"}],"predecessor-version":[{"id":2922,"href":"https:\/\/darvidayoga.cl\/inicio\/wp-json\/wp\/v2\/pages\/2910\/revisions\/2922"}],"wp:attachment":[{"href":"https:\/\/darvidayoga.cl\/inicio\/wp-json\/wp\/v2\/media?parent=2910"}],"curies":[{"name":"wp","href":"https:\/\/api.w.org\/{rel}","templated":true}]}}