{"id":2480,"date":"2024-04-11T20:39:41","date_gmt":"2024-04-11T20:39:41","guid":{"rendered":"https:\/\/darvidayoga.cl\/inicio\/?page_id=2480"},"modified":"2024-08-17T14:54:23","modified_gmt":"2024-08-17T14:54:23","slug":"yoga-integral","status":"publish","type":"page","link":"https:\/\/darvidayoga.cl\/inicio\/yoga-integral\/","title":{"rendered":"Yoga integral"},"content":{"rendered":"\t\t<div data-elementor-type=\"wp-page\" data-elementor-id=\"2480\" class=\"elementor elementor-2480\">\n\t\t\t\t<div class=\"elementor-element elementor-element-ef74fed e-flex e-con-boxed e-con e-parent\" data-id=\"ef74fed\" data-element_type=\"container\" data-core-v316-plus=\"true\">\n\t\t\t\t\t<div class=\"e-con-inner\">\n\t\t<div class=\"elementor-element elementor-element-9afb3f6 e-con-full e-flex e-con e-child\" data-id=\"9afb3f6\" data-element_type=\"container\">\n\t\t\t\t<div class=\"elementor-element elementor-element-074a6b3 elementor-widget__width-initial elementor-widget elementor-widget-text-editor\" data-id=\"074a6b3\" data-element_type=\"widget\" data-widget_type=\"text-editor.default\">\n\t\t\t\t<div class=\"elementor-widget-container\">\n\t\t\t<style>\/*! elementor - v3.20.0 - 10-04-2024 *\/\n.elementor-widget-text-editor.elementor-drop-cap-view-stacked .elementor-drop-cap{background-color:#69727d;color:#fff}.elementor-widget-text-editor.elementor-drop-cap-view-framed .elementor-drop-cap{color:#69727d;border:3px solid;background-color:transparent}.elementor-widget-text-editor:not(.elementor-drop-cap-view-default) .elementor-drop-cap{margin-top:8px}.elementor-widget-text-editor:not(.elementor-drop-cap-view-default) .elementor-drop-cap-letter{width:1em;height:1em}.elementor-widget-text-editor .elementor-drop-cap{float:left;text-align:center;line-height:1;font-size:50px}.elementor-widget-text-editor .elementor-drop-cap-letter{display:inline-block}<\/style>\t\t\t\t<h5 style=\"text-align: justify;\"><span style=\"text-align: var(--text-align);\">Yoga Integral es un tipo de yoga que re\u00fane&nbsp;varias t\u00e9cnicas para desarrollar en sus clases la ejecuci\u00f3n a trav\u00e9s de sus posturas la fuerza, el equilibrio y la flexibilidad.<\/span><\/h5><h5 style=\"text-align: justify;\">En DARVIDA YOGA queremos que nuestros alumnos descubran sus l\u00edmites&nbsp;y desde ah\u00ed puedan desarrollar su clase sin ning\u00fan tipo de frustraci\u00f3n ya que todas las posturas est\u00e1n bien ejecutadas cuando vas desarrollando la fluidez de tu propio cuerpo, consientes&nbsp;de tu respiraci\u00f3n y sintiendo&nbsp;cada segundo de la pr\u00e1ctica.<\/h5><h5 style=\"text-align: justify;\">En nuestras clases de Yoga Integral no necesitas haber practicado yoga antes pero tambi\u00e9n&nbsp;puedes complementar tu experiencia con yoga de otros estilos.<\/h5>\t\t\t\t\t\t<\/div>\n\t\t\t\t<\/div>\n\t\t\t\t<\/div>\n\t\t<div class=\"elementor-element elementor-element-3389068 e-con-full e-flex e-con e-child\" data-id=\"3389068\" data-element_type=\"container\">\n\t\t\t\t<div class=\"elementor-element elementor-element-a65fb09 elementor-arrows-position-inside elementor-pagination-position-outside elementor-widget elementor-widget-image-carousel\" data-id=\"a65fb09\" data-element_type=\"widget\" data-settings=\"{&quot;slides_to_show&quot;:&quot;1&quot;,&quot;navigation&quot;:&quot;both&quot;,&quot;autoplay&quot;:&quot;yes&quot;,&quot;pause_on_hover&quot;:&quot;yes&quot;,&quot;pause_on_interaction&quot;:&quot;yes&quot;,&quot;autoplay_speed&quot;:5000,&quot;infinite&quot;:&quot;yes&quot;,&quot;effect&quot;:&quot;slide&quot;,&quot;speed&quot;:500}\" data-widget_type=\"image-carousel.default\">\n\t\t\t\t<div class=\"elementor-widget-container\">\n\t\t\t<style>\/*! elementor - v3.20.0 - 10-04-2024 *\/\n.elementor-widget-image-carousel .swiper,.elementor-widget-image-carousel .swiper-container{position:static}.elementor-widget-image-carousel .swiper-container .swiper-slide figure,.elementor-widget-image-carousel .swiper .swiper-slide figure{line-height:inherit}.elementor-widget-image-carousel .swiper-slide{text-align:center}.elementor-image-carousel-wrapper:not(.swiper-container-initialized):not(.swiper-initialized) .swiper-slide{max-width:calc(100% \/ var(--e-image-carousel-slides-to-show, 3))}<\/style>\t\t<div class=\"elementor-image-carousel-wrapper swiper\" dir=\"ltr\">\n\t\t\t<div class=\"elementor-image-carousel swiper-wrapper\" aria-live=\"off\">\n\t\t\t\t\t\t\t\t<div class=\"swiper-slide\" role=\"group\" aria-roledescription=\"slide\" aria-label=\"1 de 10\"><figure class=\"swiper-slide-inner\"><img decoding=\"async\" class=\"swiper-slide-image\" src=\"https:\/\/darvidayoga.cl\/inicio\/wp-content\/uploads\/2024\/08\/20240111_200518-scaled.jpg\" alt=\"20240111_200518\" \/><\/figure><\/div><div class=\"swiper-slide\" role=\"group\" aria-roledescription=\"slide\" aria-label=\"2 de 10\"><figure class=\"swiper-slide-inner\"><img decoding=\"async\" class=\"swiper-slide-image\" src=\"https:\/\/darvidayoga.cl\/inicio\/wp-content\/uploads\/2024\/08\/20240111_201552-scaled.jpg\" alt=\"20240111_201552\" \/><\/figure><\/div><div class=\"swiper-slide\" role=\"group\" aria-roledescription=\"slide\" aria-label=\"3 de 10\"><figure class=\"swiper-slide-inner\"><img decoding=\"async\" class=\"swiper-slide-image\" src=\"https:\/\/darvidayoga.cl\/inicio\/wp-content\/uploads\/2024\/08\/20240304_200404-scaled.jpg\" alt=\"20240304_200404\" \/><\/figure><\/div><div class=\"swiper-slide\" role=\"group\" aria-roledescription=\"slide\" aria-label=\"4 de 10\"><figure class=\"swiper-slide-inner\"><img decoding=\"async\" class=\"swiper-slide-image\" src=\"https:\/\/darvidayoga.cl\/inicio\/wp-content\/uploads\/2024\/08\/20240327_193219-scaled.jpg\" alt=\"20240327_193219\" \/><\/figure><\/div><div class=\"swiper-slide\" role=\"group\" aria-roledescription=\"slide\" aria-label=\"5 de 10\"><figure class=\"swiper-slide-inner\"><img decoding=\"async\" class=\"swiper-slide-image\" src=\"https:\/\/darvidayoga.cl\/inicio\/wp-content\/uploads\/2024\/08\/20240403_191702-scaled.jpg\" alt=\"20240403_191702\" \/><\/figure><\/div><div class=\"swiper-slide\" role=\"group\" aria-roledescription=\"slide\" aria-label=\"6 de 10\"><figure class=\"swiper-slide-inner\"><img decoding=\"async\" class=\"swiper-slide-image\" src=\"https:\/\/darvidayoga.cl\/inicio\/wp-content\/uploads\/2024\/08\/20240403_192252-scaled.jpg\" alt=\"20240403_192252\" \/><\/figure><\/div><div class=\"swiper-slide\" role=\"group\" aria-roledescription=\"slide\" aria-label=\"7 de 10\"><figure class=\"swiper-slide-inner\"><img decoding=\"async\" class=\"swiper-slide-image\" src=\"https:\/\/darvidayoga.cl\/inicio\/wp-content\/uploads\/2024\/08\/20240403_193701-scaled.jpg\" alt=\"20240403_193701\" \/><\/figure><\/div><div class=\"swiper-slide\" role=\"group\" aria-roledescription=\"slide\" aria-label=\"8 de 10\"><figure class=\"swiper-slide-inner\"><img decoding=\"async\" class=\"swiper-slide-image\" src=\"https:\/\/darvidayoga.cl\/inicio\/wp-content\/uploads\/2024\/08\/Screenshot_20240401-220316_Gallery.jpg\" alt=\"Screenshot_20240401-220316_Gallery\" \/><\/figure><\/div><div class=\"swiper-slide\" role=\"group\" aria-roledescription=\"slide\" aria-label=\"9 de 10\"><figure class=\"swiper-slide-inner\"><img decoding=\"async\" class=\"swiper-slide-image\" src=\"https:\/\/darvidayoga.cl\/inicio\/wp-content\/uploads\/2024\/08\/Screenshot_20240401-220715_Gallery.jpg\" alt=\"Screenshot_20240401-220715_Gallery\" \/><\/figure><\/div><div class=\"swiper-slide\" role=\"group\" aria-roledescription=\"slide\" aria-label=\"10 de 10\"><figure class=\"swiper-slide-inner\"><img decoding=\"async\" class=\"swiper-slide-image\" src=\"https:\/\/darvidayoga.cl\/inicio\/wp-content\/uploads\/2024\/08\/Screenshot_20240401-220921_Gallery.jpg\" alt=\"Screenshot_20240401-220921_Gallery\" \/><\/figure><\/div>\t\t\t<\/div>\n\t\t\t\t\t\t\t\t\t\t\t\t<div class=\"elementor-swiper-button elementor-swiper-button-prev\" role=\"button\" tabindex=\"0\">\n\t\t\t\t\t\t<svg aria-hidden=\"true\" class=\"e-font-icon-svg e-eicon-chevron-left\" viewBox=\"0 0 1000 1000\" xmlns=\"http:\/\/www.w3.org\/2000\/svg\"><path d=\"M646 125C629 125 613 133 604 142L308 442C296 454 292 471 292 487 292 504 296 521 308 533L604 854C617 867 629 875 646 875 663 875 679 871 692 858 704 846 713 829 713 812 713 796 708 779 692 767L438 487 692 225C700 217 708 204 708 187 708 171 704 154 692 142 675 129 663 125 646 125Z\"><\/path><\/svg>\t\t\t\t\t<\/div>\n\t\t\t\t\t<div class=\"elementor-swiper-button elementor-swiper-button-next\" role=\"button\" tabindex=\"0\">\n\t\t\t\t\t\t<svg aria-hidden=\"true\" class=\"e-font-icon-svg e-eicon-chevron-right\" viewBox=\"0 0 1000 1000\" xmlns=\"http:\/\/www.w3.org\/2000\/svg\"><path d=\"M696 533C708 521 713 504 713 487 713 471 708 454 696 446L400 146C388 133 375 125 354 125 338 125 325 129 313 142 300 154 292 171 292 187 292 204 296 221 308 233L563 492 304 771C292 783 288 800 288 817 288 833 296 850 308 863 321 871 338 875 354 875 371 875 388 867 400 854L696 533Z\"><\/path><\/svg>\t\t\t\t\t<\/div>\n\t\t\t\t\n\t\t\t\t\t\t\t\t\t<div class=\"swiper-pagination\"><\/div>\n\t\t\t\t\t\t\t\t\t<\/div>\n\t\t\t\t<\/div>\n\t\t\t\t<\/div>\n\t\t\t\t<\/div>\n\t\t\t\t\t<\/div>\n\t\t\t\t<\/div>\n\t\t\t\t<\/div>\n\t\t","protected":false},"excerpt":{"rendered":"<p>Yoga Integral es un tipo de yoga que re\u00fane&nbsp;varias t\u00e9cnicas para desarrollar en sus clases la ejecuci\u00f3n a trav\u00e9s de sus posturas la fuerza, el equilibrio y la flexibilidad. En DARVIDA YOGA queremos que nuestros alumnos descubran sus l\u00edmites&nbsp;y desde&#8230;<\/p>\n","protected":false},"author":1,"featured_media":0,"parent":0,"menu_order":0,"comment_status":"closed","ping_status":"closed","template":"","meta":{"footnotes":""},"class_list":["post-2480","page","type-page","status-publish","hentry"],"_links":{"self":[{"href":"https:\/\/darvidayoga.cl\/inicio\/wp-json\/wp\/v2\/pages\/2480","targetHints":{"allow":["GET"]}}],"collection":[{"href":"https:\/\/darvidayoga.cl\/inicio\/wp-json\/wp\/v2\/pages"}],"about":[{"href":"https:\/\/darvidayoga.cl\/inicio\/wp-json\/wp\/v2\/types\/page"}],"author":[{"embeddable":true,"href":"https:\/\/darvidayoga.cl\/inicio\/wp-json\/wp\/v2\/users\/1"}],"replies":[{"embeddable":true,"href":"https:\/\/darvidayoga.cl\/inicio\/wp-json\/wp\/v2\/comments?post=2480"}],"version-history":[{"count":19,"href":"https:\/\/darvidayoga.cl\/inicio\/wp-json\/wp\/v2\/pages\/2480\/revisions"}],"predecessor-version":[{"id":2785,"href":"https:\/\/darvidayoga.cl\/inicio\/wp-json\/wp\/v2\/pages\/2480\/revisions\/2785"}],"wp:attachment":[{"href":"https:\/\/darvidayoga.cl\/inicio\/wp-json\/wp\/v2\/media?parent=2480"}],"curies":[{"name":"wp","href":"https:\/\/api.w.org\/{rel}","templated":true}]}}